{"id":2,"date":"2010-07-17T19:13:17","date_gmt":"2010-07-17T17:13:17","guid":{"rendered":"http:\/\/www.bittenfelder.com\/wordpress\/?page_id=2"},"modified":"2015-03-11T09:31:45","modified_gmt":"2015-03-11T07:31:45","slug":"uebersicht","status":"publish","type":"page","link":"https:\/\/www.bittenfelder.com\/v\/","title":{"rendered":"\u00dcbersicht"},"content":{"rendered":"<p>Bittenfeld liegt im Zentrum von Baden W\u00fcrttemberg ca. 20 km nord \u00f6stlich der Landeshauptstadt Stuttgart. Feld, Wald und Wiese pr\u00e4gen die h\u00fcgelige Landschaft rund um den Ort und sorgen mit l\u00e4ndlichem Charme f\u00fcr einen gesch\u00e4tzten Naherholungs- sowie Freizeitwert. Die Zentrale Lage zwischen den umliegenden Handels- &amp; Wirtschaftszentren machen den Ort zu einem begehrten Standort. Die St\u00e4dte Stuttgart, Fellbach, Ludwigsburg, Marbach, Backnang, Winnenden und die Kreisstadt Waiblingen, in die die Gemeinde Bittenfeld seit 1975 eingegliedert ist liegen im Umkreis von 10-20 km.<\/p>\n<h2>Landschaft<\/h2>\n<p>Die weiten, fruchtbaren, flachh\u00fcgeligen Feldfl\u00e4chen, im Wechsel mit Baumwiesen, sowie Waldfl\u00e4chen umgeben die Ortschaft, wobei sich die Felder im wesentlichen im S\u00fcden und Osten erstrecken. Bewaldete H\u00f6henz\u00fcge begrenzen den Horizont im Osten.<br \/>\nDie Waldgebiete befinden sich im Norden sowie Osten des Ortes . Die Dolinen im \u00f6stlichen Bereich des Bittenfelder Waldgebietes Zuckmantel, meist kreisf\u00f6rmige abflu\u00dflose Vertiefungen im Gel\u00e4nde, sind eine besondere Naturerscheinung.<br \/>\nDas feinlehmige, fruchtbare Bittenfelder Ackerland erstreckt sich von Waiblingen bis nach Backnang hin.<br \/>\nDer Lemberg im Norden ist eine weithin sichtbare, markante Erhebung. Der Zipfelbach mit seinen Nebent\u00e4lern dem Horgen- sowie Kleewiesenbach, durchschneiden das Gebiet. Im Westen begrenzt das tief eingeschnittene Neckartal die Landschaft.<\/p>\n<p>Quelle: <a href=\"http:\/\/www.bittenfelder.com\/v\/chronik-bittenfeld\/\">Chronik Bittenfeld<\/a><\/p>\n","protected":false},"excerpt":{"rendered":"<p>Bittenfeld liegt im Zentrum von Baden W\u00fcrttemberg ca. 20 km nord \u00f6stlich der Landeshauptstadt Stuttgart. Feld, Wald und Wiese pr\u00e4gen die h\u00fcgelige Landschaft rund um den Ort und sorgen mit l\u00e4ndlichem Charme f\u00fcr einen gesch\u00e4tzten Naherholungs- sowie Freizeitwert. Die Zentrale &hellip; <a href=\"https:\/\/www.bittenfelder.com\/v\/\">Weiterlesen <span class=\"meta-nav\">&rarr;<\/span><\/a><\/p>\n","protected":false},"author":1,"featured_media":0,"parent":0,"menu_order":0,"comment_status":"closed","ping_status":"closed","template":"","meta":{"footnotes":""},"class_list":["post-2","page","type-page","status-publish","hentry"],"_links":{"self":[{"href":"https:\/\/www.bittenfelder.com\/v\/wp-json\/wp\/v2\/pages\/2","targetHints":{"allow":["GET"]}}],"collection":[{"href":"https:\/\/www.bittenfelder.com\/v\/wp-json\/wp\/v2\/pages"}],"about":[{"href":"https:\/\/www.bittenfelder.com\/v\/wp-json\/wp\/v2\/types\/page"}],"author":[{"embeddable":true,"href":"https:\/\/www.bittenfelder.com\/v\/wp-json\/wp\/v2\/users\/1"}],"replies":[{"embeddable":true,"href":"https:\/\/www.bittenfelder.com\/v\/wp-json\/wp\/v2\/comments?post=2"}],"version-history":[{"count":6,"href":"https:\/\/www.bittenfelder.com\/v\/wp-json\/wp\/v2\/pages\/2\/revisions"}],"predecessor-version":[{"id":336,"href":"https:\/\/www.bittenfelder.com\/v\/wp-json\/wp\/v2\/pages\/2\/revisions\/336"}],"wp:attachment":[{"href":"https:\/\/www.bittenfelder.com\/v\/wp-json\/wp\/v2\/media?parent=2"}],"curies":[{"name":"wp","href":"https:\/\/api.w.org\/{rel}","templated":true}]}}