{"id":33,"date":"2010-07-17T21:09:47","date_gmt":"2010-07-17T19:09:47","guid":{"rendered":"http:\/\/www.bittenfelder.com\/wordpress\/"},"modified":"2015-03-11T09:31:45","modified_gmt":"2015-03-11T07:31:45","slug":"waldfreibad","status":"publish","type":"page","link":"https:\/\/www.bittenfelder.com\/v\/kultur-freizeit\/waldfreibad\/","title":{"rendered":"Waldfreibad"},"content":{"rendered":"<p><img decoding=\"async\" class=\"alignright\" src=\"http:\/\/www.bittenfelder.com\/images\/artikel\/freibad_4091.jpg\" border=\"0\" alt=\"\" \/> Am Ortsrand neben der Schillerschule am Waldrand von viel Gr\u00fcn umgeben liegt das\u00a0Bittenfelder Waldfreibad. Es wurde f\u00fcr die Badesaison 2002 general\u00fcberholt.<\/p>\n<p>Die kleinen Mitb\u00fcrger f\u00fchlen sich im Kinderplanschbecken sicherlich genauso wohl wie im Sandkasten, und mit dem Kiosk mit Terrasse ist f\u00fcrs leibliche Wohl besten gesorgt.<br \/>\nAuf den in die Natur rund um das neue Edelstahlbecken eingebetteten Liegewiesen, finden man Schatten sowie Sonne. Von dem meist Richtung Schwimmbecken abfallenden Gel\u00e4nde ist das Schwimmbecken vom Gro\u00dfteil der Liegefl\u00e4chen aus einsehbar. Das 50 m lange Wasserbecken mit Rutsche und zus\u00e4tzlichem Flachwasserbereich erfreut jung und alt. Ein 1- und 3-Metersprungbrett steht den Badeg\u00e4sten ebenfalls zur Verf\u00fcgung<\/p>\n<p>Aktuelle Informationen \u00fcber das Waldfreibad Bittenfeld finden Sie bitte bei den\u00a0<a href=\"http:\/\/www.stwwn.de\/\">Stadtwerken Waiblingen<\/a>.<\/p>\n","protected":false},"excerpt":{"rendered":"<p>Am Ortsrand neben der Schillerschule am Waldrand von viel Gr\u00fcn umgeben liegt das\u00a0Bittenfelder Waldfreibad. Es wurde f\u00fcr die Badesaison 2002 general\u00fcberholt. Die kleinen Mitb\u00fcrger f\u00fchlen sich im Kinderplanschbecken sicherlich genauso wohl wie im Sandkasten, und mit dem Kiosk mit Terrasse &hellip; <a href=\"https:\/\/www.bittenfelder.com\/v\/kultur-freizeit\/waldfreibad\/\">Weiterlesen <span class=\"meta-nav\">&rarr;<\/span><\/a><\/p>\n","protected":false},"author":1,"featured_media":0,"parent":31,"menu_order":0,"comment_status":"closed","ping_status":"open","template":"","meta":{"footnotes":""},"class_list":["post-33","page","type-page","status-publish","hentry"],"_links":{"self":[{"href":"https:\/\/www.bittenfelder.com\/v\/wp-json\/wp\/v2\/pages\/33","targetHints":{"allow":["GET"]}}],"collection":[{"href":"https:\/\/www.bittenfelder.com\/v\/wp-json\/wp\/v2\/pages"}],"about":[{"href":"https:\/\/www.bittenfelder.com\/v\/wp-json\/wp\/v2\/types\/page"}],"author":[{"embeddable":true,"href":"https:\/\/www.bittenfelder.com\/v\/wp-json\/wp\/v2\/users\/1"}],"replies":[{"embeddable":true,"href":"https:\/\/www.bittenfelder.com\/v\/wp-json\/wp\/v2\/comments?post=33"}],"version-history":[{"count":4,"href":"https:\/\/www.bittenfelder.com\/v\/wp-json\/wp\/v2\/pages\/33\/revisions"}],"predecessor-version":[{"id":350,"href":"https:\/\/www.bittenfelder.com\/v\/wp-json\/wp\/v2\/pages\/33\/revisions\/350"}],"up":[{"embeddable":true,"href":"https:\/\/www.bittenfelder.com\/v\/wp-json\/wp\/v2\/pages\/31"}],"wp:attachment":[{"href":"https:\/\/www.bittenfelder.com\/v\/wp-json\/wp\/v2\/media?parent=33"}],"curies":[{"name":"wp","href":"https:\/\/api.w.org\/{rel}","templated":true}]}}